{"id":385,"date":"2022-11-12T01:40:35","date_gmt":"2022-11-12T01:40:35","guid":{"rendered":"http:\/\/dotaupha.com\/?page_id=385"},"modified":"2023-04-30T18:42:02","modified_gmt":"2023-04-30T18:42:02","slug":"simpliquer","status":"publish","type":"page","link":"https:\/\/dotaupha.com\/fr\/simpliquer","title":{"rendered":"S\u2019impliquer"},"content":{"rendered":"<p>[et_pb_section fb_built=\u00a0\u00bb1&Prime; module_id=\u00a0\u00bbprie\u00a0\u00bb _builder_version=\u00a0\u00bb4.18.0&Prime; _module_preset=\u00a0\u00bbdefault\u00a0\u00bb global_colors_info=\u00a0\u00bb{}\u00a0\u00bb][et_pb_row _builder_version=\u00a0\u00bb4.18.0&Prime; _module_preset=\u00a0\u00bbdefault\u00a0\u00bb global_colors_info=\u00a0\u00bb{}\u00a0\u00bb][et_pb_column type=\u00a0\u00bb4_4&Prime; _builder_version=\u00a0\u00bb4.18.0&Prime; _module_preset=\u00a0\u00bbdefault\u00a0\u00bb global_colors_info=\u00a0\u00bb{}\u00a0\u00bb][et_pb_text _builder_version=\u00a0\u00bb4.21.0&Prime; _module_preset=\u00a0\u00bbdefault\u00a0\u00bb text_font=\u00a0\u00bbMontserrat|800|||||||\u00a0\u00bb text_text_color=\u00a0\u00bb#922d3e\u00a0\u00bb text_font_size=\u00a0\u00bb30px\u00a0\u00bb header_font=\u00a0\u00bbMontserrat|800|||||||\u00a0\u00bb header_text_color=\u00a0\u00bb#922d3e\u00a0\u00bb header_line_height=\u00a0\u00bb2em\u00a0\u00bb transform_translate=\u00a0\u00bb0px|36px\u00a0\u00bb transform_translate_linked=\u00a0\u00bboff\u00a0\u00bb hover_enabled=\u00a0\u00bb0&Prime; global_colors_info=\u00a0\u00bb{}\u00a0\u00bb sticky_enabled=\u00a0\u00bb0&Prime;]<\/p>\n<h1><strong>Je prie<\/strong><\/h1>\n<p>[\/et_pb_text][\/et_pb_column][\/et_pb_row][et_pb_row column_structure=\u00a0\u00bb1_3,1_3,1_3&Prime; _builder_version=\u00a0\u00bb4.18.0&Prime; _module_preset=\u00a0\u00bbdefault\u00a0\u00bb global_colors_info=\u00a0\u00bb{}\u00a0\u00bb][et_pb_column type=\u00a0\u00bb1_3&Prime; _builder_version=\u00a0\u00bb4.18.0&Prime; _module_preset=\u00a0\u00bbdefault\u00a0\u00bb global_colors_info=\u00a0\u00bb{}\u00a0\u00bb][\/et_pb_column][et_pb_column type=\u00a0\u00bb1_3&Prime; _builder_version=\u00a0\u00bb4.18.0&Prime; _module_preset=\u00a0\u00bbdefault\u00a0\u00bb global_colors_info=\u00a0\u00bb{}\u00a0\u00bb][\/et_pb_column][et_pb_column type=\u00a0\u00bb1_3&Prime; _builder_version=\u00a0\u00bb4.18.0&Prime; _module_preset=\u00a0\u00bbdefault\u00a0\u00bb global_colors_info=\u00a0\u00bb{}\u00a0\u00bb][\/et_pb_column][\/et_pb_row][\/et_pb_section][et_pb_section fb_built=\u00a0\u00bb1&Prime; _builder_version=\u00a0\u00bb4.18.0&Prime; _module_preset=\u00a0\u00bbdefault\u00a0\u00bb custom_padding=\u00a0\u00bb0px|||||\u00a0\u00bb global_colors_info=\u00a0\u00bb{}\u00a0\u00bb][et_pb_row module_id=\u00a0\u00bbdon\u00a0\u00bb _builder_version=\u00a0\u00bb4.18.0&Prime; _module_preset=\u00a0\u00bbdefault\u00a0\u00bb global_colors_info=\u00a0\u00bb{}\u00a0\u00bb][et_pb_column type=\u00a0\u00bb4_4&Prime; _builder_version=\u00a0\u00bb4.18.0&Prime; _module_preset=\u00a0\u00bbdefault\u00a0\u00bb global_colors_info=\u00a0\u00bb{}\u00a0\u00bb][et_pb_text _builder_version=\u00a0\u00bb4.21.0&Prime; _module_preset=\u00a0\u00bbdefault\u00a0\u00bb text_font=\u00a0\u00bbMontserrat|800|||||||\u00a0\u00bb text_text_color=\u00a0\u00bb#922d3e\u00a0\u00bb text_font_size=\u00a0\u00bb30px\u00a0\u00bb hover_enabled=\u00a0\u00bb0&Prime; global_colors_info=\u00a0\u00bb{}\u00a0\u00bb sticky_enabled=\u00a0\u00bb0&Prime;]<\/p>\n<p style=\"text-align: center;\">Je fais un don<\/p>\n<p>[\/et_pb_text][et_pb_text _builder_version=\u00a0\u00bb4.18.0&Prime; _module_preset=\u00a0\u00bbdefault\u00a0\u00bb text_font=\u00a0\u00bbMontserrat|500|||||||\u00a0\u00bb text_font_size=\u00a0\u00bb15px\u00a0\u00bb global_colors_info=\u00a0\u00bb{}\u00a0\u00bb]<\/p>\n<p style=\"text-align: center;\">Par ch\u00e8que \u00e0 adresser \u00e0 \u00ab\u00a0Alain Forster \u2013 7 All\u00e9e d\u2019Arques\u00a0\u2013 91390 Morsang-Sur-Orge\u00a0\u00bb<\/p>\n<p style=\"text-align: center;\">Par virement RIB : 10278 0627900021149201 67<\/p>\n<p style=\"text-align: center;\">IBAN : FR76 1027 8062 7900 0211 4920 167<\/p>\n<p style=\"text-align: center;\">Par CB en cliquant sur le lien : <a href=\"https:\/\/www.payasso.fr\/dotaupha\/dons\">https:\/\/www.payasso.fr\/dotaupha\/dons<\/a>\u00a0 ou\u00a0 en scannant le QR<\/p>\n<p>[\/et_pb_text][et_pb_image src=\u00a0\u00bbhttp:\/\/dotaupha.com\/wp-content\/uploads\/2022\/11\/qr-code-2-e1668218251777.png\u00a0\u00bb alt=\u00a0\u00bbQRCODE\u00a0\u00bb title_text=\u00a0\u00bbqr-code\u00a0\u00bb url=\u00a0\u00bbhttps:\/\/www.payasso.fr\/dotaupha\/dons\u00a0\u00bb align=\u00a0\u00bbcenter\u00a0\u00bb _builder_version=\u00a0\u00bb4.18.0&Prime; _module_preset=\u00a0\u00bbdefault\u00a0\u00bb transform_scale=\u00a0\u00bb74%|74%\u00a0\u00bb transform_translate=\u00a0\u00bb0px|-63px\u00a0\u00bb transform_translate_linked=\u00a0\u00bboff\u00a0\u00bb global_colors_info=\u00a0\u00bb{}\u00a0\u00bb][\/et_pb_image][et_pb_text _builder_version=\u00a0\u00bb4.18.0&Prime; _module_preset=\u00a0\u00bbdefault\u00a0\u00bb text_font=\u00a0\u00bbMontserrat|500|||||||\u00a0\u00bb text_text_color=\u00a0\u00bb#000000&Prime; text_font_size=\u00a0\u00bb15px\u00a0\u00bb custom_margin=\u00a0\u00bb-82px|||||\u00a0\u00bb global_colors_info=\u00a0\u00bb{}\u00a0\u00bb]<\/p>\n<p><strong><u>Vous pouvez indiquer l\u2019objet de votre don dans le commentaire\u00a0:<\/u><\/strong><\/p>\n<p><strong>\u00ab\u00a0Organisation des prochains s\u00e9minaires\u00a0\u00bb<\/strong><\/p>\n<ul>\n<li style=\"list-style-type: none;\">\n<ul>\n<li style=\"list-style-type: none;\">\n<ul>\n<li style=\"list-style-type: none;\">\n<ul>\n<li><span style=\"color: #000000;\">L\u2019accueil de 50 participants (7\u20ac\/jour) x 10 jours = budget total de 3 500 \u20ac<\/span><\/li>\n<li><span style=\"color: #000000;\">Supports de formation pour les 1000 aum\u00f4niers &#8211; budget total de 7 000 \u20ac<\/span><\/li>\n<li><span style=\"color: #000000;\">Contribution aux frais des formateurs\u00a0venant de France : 300\u20ac \/ voyage \/ formateur<\/span><\/li>\n<\/ul>\n<\/li>\n<\/ul>\n<\/li>\n<\/ul>\n<\/li>\n<\/ul>\n<p><strong>\u00ab\u00a0Diffusion de la Bible\u00a0\u00bb<\/strong><\/p>\n<p><strong>\u00a0 \u00a0 \u00a0 \u00a0 \u00a0 \u00a0 \u00a0 \u00a0 \u00a0 Diffuser l\u2019\u00c9vangile aux enfants<\/strong><\/p>\n<ul>\n<li style=\"list-style-type: none;\">\n<ul>\n<li style=\"list-style-type: none;\">\n<ul>\n<li style=\"list-style-type: none;\">\n<ul>\n<li>1200 \u00c9vangiles de Luc + \u00ab parcours d\u00e9couverte \u00bb 200\u20ac<\/li>\n<li>5000 \u00c9vangiles de Luc + \u00ab parcours d\u00e9couverte \u00bb 900\u20ac<\/li>\n<\/ul>\n<p><strong>\u00a0 \u00a0 \u00a0 \u00a0 1000 Bibles \u00e0 2\u20ac pour les aum\u00f4niers militaires participants \u00e0 la formation<\/strong><\/p>\n<\/li>\n<\/ul>\n<\/li>\n<\/ul>\n<\/li>\n<\/ul>\n<p style=\"padding-left: 80px;\"><strong>Exemple de contribution<\/strong><\/p>\n<ul>\n<li style=\"list-style-type: none;\">\n<ul>\n<li style=\"list-style-type: none;\">\n<ul>\n<li style=\"list-style-type: none;\">\n<ul>\n<li>4 Bibles \u00e0 2\u20ac + transport = 10\u20ac<\/li>\n<li>120 \u00c9vangiles + parcours d\u00e9couverte = 20\u20ac<\/li>\n<li>600 \u00c9vangiles + parcours d\u00e9couverte = 100\u20ac<\/li>\n<li>700 \u00c9vangiles + parcours d\u00e9couverte = 10\u20ac \/ mois (x12)<\/li>\n<\/ul>\n<\/li>\n<\/ul>\n<\/li>\n<\/ul>\n<\/li>\n<\/ul>\n<p><strong>\u00ab\u00a0Maisons Ouvertes Pour Tous\u00a0\u00bb\u00a0<\/strong><\/p>\n<ul>\n<li style=\"list-style-type: none;\">\n<ul>\n<li style=\"list-style-type: none;\">\n<ul>\n<li style=\"list-style-type: none;\">\n<ul>\n<li>Ouverture et am\u00e9nagement d\u2019une biblioth\u00e8que\u00a0 =\u00a0 2 000\u20ac<\/li>\n<\/ul>\n<\/li>\n<\/ul>\n<\/li>\n<\/ul>\n<\/li>\n<\/ul>\n<p><strong>\u00ab Centre de soin \u00bb\u00a0<\/strong><\/p>\n<ul>\n<li style=\"list-style-type: none;\">\n<ul>\n<li style=\"list-style-type: none;\">\n<ul>\n<li style=\"list-style-type: none;\">\n<ul>\n<li>Am\u00e9nagement d\u2019un centre m\u00e9dical\u00a0 =\u00a0 5 000\u20ac<\/li>\n<\/ul>\n<\/li>\n<\/ul>\n<\/li>\n<\/ul>\n<\/li>\n<\/ul>\n<p>[\/et_pb_text][\/et_pb_column][\/et_pb_row][\/et_pb_section]<\/p>\n","protected":false},"excerpt":{"rendered":"<p>Je prieJe fais un donPar ch\u00e8que \u00e0 adresser \u00e0 \u00ab\u00a0Alain Forster \u2013 7 All\u00e9e d\u2019Arques\u00a0\u2013 91390 Morsang-Sur-Orge\u00a0\u00bb Par virement RIB : 10278 0627900021149201 67 IBAN : FR76 1027 8062 7900 0211 4920 167 Par CB en cliquant sur le lien : https:\/\/www.payasso.fr\/dotaupha\/dons\u00a0 ou\u00a0 en scannant le QRVous pouvez indiquer l\u2019objet de votre don dans le [&hellip;]<\/p>\n","protected":false},"author":1,"featured_media":0,"parent":0,"menu_order":0,"comment_status":"closed","ping_status":"closed","template":"","meta":{"_et_pb_use_builder":"on","_et_pb_old_content":"<!-- wp:divi\/placeholder \/-->","_et_gb_content_width":"","footnotes":""},"class_list":["post-385","page","type-page","status-publish","hentry"],"jetpack_sharing_enabled":true,"_links":{"self":[{"href":"https:\/\/dotaupha.com\/fr\/wp-json\/wp\/v2\/pages\/385","targetHints":{"allow":["GET"]}}],"collection":[{"href":"https:\/\/dotaupha.com\/fr\/wp-json\/wp\/v2\/pages"}],"about":[{"href":"https:\/\/dotaupha.com\/fr\/wp-json\/wp\/v2\/types\/page"}],"author":[{"embeddable":true,"href":"https:\/\/dotaupha.com\/fr\/wp-json\/wp\/v2\/users\/1"}],"replies":[{"embeddable":true,"href":"https:\/\/dotaupha.com\/fr\/wp-json\/wp\/v2\/comments?post=385"}],"version-history":[{"count":19,"href":"https:\/\/dotaupha.com\/fr\/wp-json\/wp\/v2\/pages\/385\/revisions"}],"predecessor-version":[{"id":788,"href":"https:\/\/dotaupha.com\/fr\/wp-json\/wp\/v2\/pages\/385\/revisions\/788"}],"wp:attachment":[{"href":"https:\/\/dotaupha.com\/fr\/wp-json\/wp\/v2\/media?parent=385"}],"curies":[{"name":"wp","href":"https:\/\/api.w.org\/{rel}","templated":true}]}}